{"id":2957,"date":"2023-08-15T15:39:25","date_gmt":"2023-08-15T19:39:25","guid":{"rendered":"https:\/\/malikahocine.ca\/?page_id=2957"},"modified":"2023-08-15T15:40:13","modified_gmt":"2023-08-15T19:40:13","slug":"accueil","status":"publish","type":"page","link":"https:\/\/malikahocine.ca\/en\/","title":{"rendered":"Home"},"content":{"rendered":"","protected":false},"excerpt":{"rendered":"","protected":false},"author":121,"featured_media":0,"parent":0,"menu_order":0,"comment_status":"closed","ping_status":"closed","template":"home.php","meta":{"_acf_changed":false,"footnotes":""},"class_list":["post-2957","page","type-page","status-publish","hentry"],"acf":[],"yoast_head":"<!-- This site is optimized with the Yoast SEO plugin v26.7 - https:\/\/yoast.com\/wordpress\/plugins\/seo\/ -->\n<title>Home - Malika Hocine - Remax Qu\u00e9bec<\/title>\n<meta name=\"description\" content=\"Courtier Immobilier Laval et Rive-Nord D\u00e9couvrez de belles propri\u00e9t\u00e9s \u00e0 vendre \u00e0 Laval et Rive-Nord avec Malika Hocine, courtier immobilier Remax. Info : 514-827-4129.\" \/>\n<meta name=\"robots\" content=\"index, follow, max-snippet:-1, max-image-preview:large, max-video-preview:-1\" \/>\n<link rel=\"canonical\" href=\"https:\/\/malikahocine.ca\/en\/\" \/>\n<meta property=\"og:locale\" content=\"en_US\" \/>\n<meta property=\"og:type\" content=\"article\" \/>\n<meta property=\"og:title\" content=\"Home - Malika Hocine - Remax Qu\u00e9bec\" \/>\n<meta property=\"og:description\" content=\"Courtier Immobilier Laval et Rive-Nord D\u00e9couvrez de belles propri\u00e9t\u00e9s \u00e0 vendre \u00e0 Laval et Rive-Nord avec Malika Hocine, courtier immobilier Remax. Info : 514-827-4129.\" \/>\n<meta property=\"og:url\" content=\"https:\/\/malikahocine.ca\/en\/\" \/>\n<meta property=\"og:site_name\" content=\"Malika Hocine - Remax Qu\u00e9bec\" \/>\n<meta property=\"article:publisher\" content=\"https:\/\/www.facebook.com\/MalikaHocineInc\/\" \/>\n<meta property=\"article:modified_time\" content=\"2023-08-15T19:40:13+00:00\" \/>\n<meta property=\"og:image\" content=\"https:\/\/malikahocine.ca\/files\/2023\/08\/header_kamelo2023.jpg\" \/>\n<meta name=\"twitter:card\" content=\"summary_large_image\" \/>\n<meta name=\"twitter:image\" content=\"https:\/\/malikahocine.ca\/files\/2023\/08\/header_kamelo2023.jpg\" \/>\n<meta name=\"twitter:site\" content=\"@MalikaHocine2\" \/>\n<script type=\"application\/ld+json\" class=\"yoast-schema-graph\">{\"@context\":\"https:\/\/schema.org\",\"@graph\":[{\"@type\":\"WebPage\",\"@id\":\"https:\/\/malikahocine.ca\/en\/\",\"url\":\"https:\/\/malikahocine.ca\/en\/\",\"name\":\"[:fr]Accueil[:en]Home[:] - Malika Hocine - Remax Qu\u00e9bec\",\"isPartOf\":{\"@id\":\"https:\/\/malikahocine.ca\/en\/#website\"},\"datePublished\":\"2023-08-15T19:39:25+00:00\",\"dateModified\":\"2023-08-15T19:40:13+00:00\",\"description\":\"Courtier Immobilier Laval et Rive-Nord D\u00e9couvrez de belles propri\u00e9t\u00e9s \u00e0 vendre \u00e0 Laval et Rive-Nord avec Malika Hocine, courtier immobilier Remax. Info : 514-827-4129.\",\"breadcrumb\":{\"@id\":\"https:\/\/malikahocine.ca\/en\/#breadcrumb\"},\"inLanguage\":\"en-US\",\"potentialAction\":[{\"@type\":\"ReadAction\",\"target\":[\"https:\/\/malikahocine.ca\/en\/\"]}]},{\"@type\":\"BreadcrumbList\",\"@id\":\"https:\/\/malikahocine.ca\/en\/#breadcrumb\",\"itemListElement\":[{\"@type\":\"ListItem\",\"position\":1,\"name\":\"Accueil\",\"item\":\"https:\/\/malikahocine.ca\/en\/\"},{\"@type\":\"ListItem\",\"position\":2,\"name\":\"Home\"}]},{\"@type\":\"WebSite\",\"@id\":\"https:\/\/malikahocine.ca\/en\/#website\",\"url\":\"https:\/\/malikahocine.ca\/en\/\",\"name\":\"Malika Hocine - Remax Qu\u00e9bec\",\"description\":\"Real Estate Broker\",\"potentialAction\":[{\"@type\":\"SearchAction\",\"target\":{\"@type\":\"EntryPoint\",\"urlTemplate\":\"https:\/\/malikahocine.ca\/en\/?s={search_term_string}\"},\"query-input\":{\"@type\":\"PropertyValueSpecification\",\"valueRequired\":true,\"valueName\":\"search_term_string\"}}],\"inLanguage\":\"en-US\"}]}<\/script>\n<!-- \/ Yoast SEO plugin. -->","yoast_head_json":{"title":"Home - Malika Hocine - Remax Qu\u00e9bec","description":"Courtier Immobilier Laval et Rive-Nord D\u00e9couvrez de belles propri\u00e9t\u00e9s \u00e0 vendre \u00e0 Laval et Rive-Nord avec Malika Hocine, courtier immobilier Remax. Info : 514-827-4129.","robots":{"index":"index","follow":"follow","max-snippet":"max-snippet:-1","max-image-preview":"max-image-preview:large","max-video-preview":"max-video-preview:-1"},"canonical":"https:\/\/malikahocine.ca\/en\/","og_locale":"en_US","og_type":"article","og_title":"Home - Malika Hocine - Remax Qu\u00e9bec","og_description":"Courtier Immobilier Laval et Rive-Nord D\u00e9couvrez de belles propri\u00e9t\u00e9s \u00e0 vendre \u00e0 Laval et Rive-Nord avec Malika Hocine, courtier immobilier Remax. Info : 514-827-4129.","og_url":"https:\/\/malikahocine.ca\/en\/","og_site_name":"Malika Hocine - Remax Qu\u00e9bec","article_publisher":"https:\/\/www.facebook.com\/MalikaHocineInc\/","article_modified_time":"2023-08-15T19:40:13+00:00","og_image":[{"url":"https:\/\/malikahocine.ca\/files\/2023\/08\/header_kamelo2023.jpg","type":"","width":"","height":""}],"twitter_card":"summary_large_image","twitter_image":"https:\/\/malikahocine.ca\/files\/2023\/08\/header_kamelo2023.jpg","twitter_site":"@MalikaHocine2","schema":{"@context":"https:\/\/schema.org","@graph":[{"@type":"WebPage","@id":"https:\/\/malikahocine.ca\/en\/","url":"https:\/\/malikahocine.ca\/en\/","name":"[:fr]Accueil[:en]Home[:] - Malika Hocine - Remax Qu\u00e9bec","isPartOf":{"@id":"https:\/\/malikahocine.ca\/en\/#website"},"datePublished":"2023-08-15T19:39:25+00:00","dateModified":"2023-08-15T19:40:13+00:00","description":"Courtier Immobilier Laval et Rive-Nord D\u00e9couvrez de belles propri\u00e9t\u00e9s \u00e0 vendre \u00e0 Laval et Rive-Nord avec Malika Hocine, courtier immobilier Remax. Info : 514-827-4129.","breadcrumb":{"@id":"https:\/\/malikahocine.ca\/en\/#breadcrumb"},"inLanguage":"en-US","potentialAction":[{"@type":"ReadAction","target":["https:\/\/malikahocine.ca\/en\/"]}]},{"@type":"BreadcrumbList","@id":"https:\/\/malikahocine.ca\/en\/#breadcrumb","itemListElement":[{"@type":"ListItem","position":1,"name":"Accueil","item":"https:\/\/malikahocine.ca\/en\/"},{"@type":"ListItem","position":2,"name":"Home"}]},{"@type":"WebSite","@id":"https:\/\/malikahocine.ca\/en\/#website","url":"https:\/\/malikahocine.ca\/en\/","name":"Malika Hocine - Remax Qu\u00e9bec","description":"Real Estate Broker","potentialAction":[{"@type":"SearchAction","target":{"@type":"EntryPoint","urlTemplate":"https:\/\/malikahocine.ca\/en\/?s={search_term_string}"},"query-input":{"@type":"PropertyValueSpecification","valueRequired":true,"valueName":"search_term_string"}}],"inLanguage":"en-US"}]}},"_links":{"self":[{"href":"https:\/\/malikahocine.ca\/en\/wp-json\/wp\/v2\/pages\/2957","targetHints":{"allow":["GET"]}}],"collection":[{"href":"https:\/\/malikahocine.ca\/en\/wp-json\/wp\/v2\/pages"}],"about":[{"href":"https:\/\/malikahocine.ca\/en\/wp-json\/wp\/v2\/types\/page"}],"author":[{"embeddable":true,"href":"https:\/\/malikahocine.ca\/en\/wp-json\/wp\/v2\/users\/121"}],"replies":[{"embeddable":true,"href":"https:\/\/malikahocine.ca\/en\/wp-json\/wp\/v2\/comments?post=2957"}],"version-history":[{"count":1,"href":"https:\/\/malikahocine.ca\/en\/wp-json\/wp\/v2\/pages\/2957\/revisions"}],"predecessor-version":[{"id":2958,"href":"https:\/\/malikahocine.ca\/en\/wp-json\/wp\/v2\/pages\/2957\/revisions\/2958"}],"wp:attachment":[{"href":"https:\/\/malikahocine.ca\/en\/wp-json\/wp\/v2\/media?parent=2957"}],"curies":[{"name":"wp","href":"https:\/\/api.w.org\/{rel}","templated":true}]}}